{"id":5355,"date":"2019-04-29T19:22:43","date_gmt":"2019-04-29T19:22:43","guid":{"rendered":"http:\/\/bozdagmobilya.com.tr\/product\/sigacik\/"},"modified":"2019-04-29T19:22:43","modified_gmt":"2019-04-29T19:22:43","slug":"sigacik","status":"publish","type":"product","link":"https:\/\/bozdagmobilya.com.tr\/en\/product\/sigacik\/","title":{"rendered":"S\u0131\u011fac\u0131k"},"content":{"rendered":"","protected":false},"excerpt":{"rendered":"<p>Y\u00fckseklik : 75<\/p>\n","protected":false},"featured_media":4267,"comment_status":"open","ping_status":"closed","template":"","meta":[],"product_cat":[86],"product_tag":[],"class_list":["post-5355","product","type-product","status-publish","has-post-thumbnail","hentry","product_cat-tables"],"_links":{"self":[{"href":"https:\/\/bozdagmobilya.com.tr\/en\/wp-json\/wp\/v2\/product\/5355"}],"collection":[{"href":"https:\/\/bozdagmobilya.com.tr\/en\/wp-json\/wp\/v2\/product"}],"about":[{"href":"https:\/\/bozdagmobilya.com.tr\/en\/wp-json\/wp\/v2\/types\/product"}],"replies":[{"embeddable":true,"href":"https:\/\/bozdagmobilya.com.tr\/en\/wp-json\/wp\/v2\/comments?post=5355"}],"wp:featuredmedia":[{"embeddable":true,"href":"https:\/\/bozdagmobilya.com.tr\/en\/wp-json\/wp\/v2\/media\/4267"}],"wp:attachment":[{"href":"https:\/\/bozdagmobilya.com.tr\/en\/wp-json\/wp\/v2\/media?parent=5355"}],"wp:term":[{"taxonomy":"product_cat","embeddable":true,"href":"https:\/\/bozdagmobilya.com.tr\/en\/wp-json\/wp\/v2\/product_cat?post=5355"},{"taxonomy":"product_tag","embeddable":true,"href":"https:\/\/bozdagmobilya.com.tr\/en\/wp-json\/wp\/v2\/product_tag?post=5355"}],"curies":[{"name":"wp","href":"https:\/\/api.w.org\/{rel}","templated":true}]}}