{"id":5313,"date":"2019-04-28T08:14:38","date_gmt":"2019-04-28T08:14:38","guid":{"rendered":"http:\/\/bozdagmobilya.com.tr\/product\/guzelcamli-t\/"},"modified":"2019-04-28T08:14:38","modified_gmt":"2019-04-28T08:14:38","slug":"guzelcamli-t","status":"publish","type":"product","link":"https:\/\/bozdagmobilya.com.tr\/en\/product\/guzelcamli-t\/","title":{"rendered":"G\u00fczel\u00e7aml\u0131 T"},"content":{"rendered":"","protected":false},"excerpt":{"rendered":"","protected":false},"featured_media":4224,"comment_status":"open","ping_status":"closed","template":"","meta":[],"product_cat":[83],"product_tag":[],"class_list":["post-5313","product","type-product","status-publish","has-post-thumbnail","hentry","product_cat-sofas"],"_links":{"self":[{"href":"https:\/\/bozdagmobilya.com.tr\/en\/wp-json\/wp\/v2\/product\/5313"}],"collection":[{"href":"https:\/\/bozdagmobilya.com.tr\/en\/wp-json\/wp\/v2\/product"}],"about":[{"href":"https:\/\/bozdagmobilya.com.tr\/en\/wp-json\/wp\/v2\/types\/product"}],"replies":[{"embeddable":true,"href":"https:\/\/bozdagmobilya.com.tr\/en\/wp-json\/wp\/v2\/comments?post=5313"}],"wp:featuredmedia":[{"embeddable":true,"href":"https:\/\/bozdagmobilya.com.tr\/en\/wp-json\/wp\/v2\/media\/4224"}],"wp:attachment":[{"href":"https:\/\/bozdagmobilya.com.tr\/en\/wp-json\/wp\/v2\/media?parent=5313"}],"wp:term":[{"taxonomy":"product_cat","embeddable":true,"href":"https:\/\/bozdagmobilya.com.tr\/en\/wp-json\/wp\/v2\/product_cat?post=5313"},{"taxonomy":"product_tag","embeddable":true,"href":"https:\/\/bozdagmobilya.com.tr\/en\/wp-json\/wp\/v2\/product_tag?post=5313"}],"curies":[{"name":"wp","href":"https:\/\/api.w.org\/{rel}","templated":true}]}}