{"id":5922,"date":"2019-04-29T06:27:30","date_gmt":"2019-04-29T06:27:30","guid":{"rendered":"https:\/\/bozdagmobilya.com.tr\/product\/turkbuku\/"},"modified":"2019-04-29T06:27:30","modified_gmt":"2019-04-29T06:27:30","slug":"turkbuku","status":"publish","type":"product","link":"https:\/\/bozdagmobilya.com.tr\/ar\/product\/turkbuku\/","title":{"rendered":"T\u00fcrkb\u00fck\u00fc"},"content":{"rendered":"","protected":false},"excerpt":{"rendered":"","protected":false},"featured_media":5924,"comment_status":"open","ping_status":"closed","template":"","meta":[],"product_cat":[146],"product_tag":[],"class_list":["post-5922","product","type-product","status-publish","has-post-thumbnail","hentry","product_cat-sezlonglar-ar"],"_links":{"self":[{"href":"https:\/\/bozdagmobilya.com.tr\/ar\/wp-json\/wp\/v2\/product\/5922"}],"collection":[{"href":"https:\/\/bozdagmobilya.com.tr\/ar\/wp-json\/wp\/v2\/product"}],"about":[{"href":"https:\/\/bozdagmobilya.com.tr\/ar\/wp-json\/wp\/v2\/types\/product"}],"replies":[{"embeddable":true,"href":"https:\/\/bozdagmobilya.com.tr\/ar\/wp-json\/wp\/v2\/comments?post=5922"}],"wp:featuredmedia":[{"embeddable":true,"href":"https:\/\/bozdagmobilya.com.tr\/ar\/wp-json\/wp\/v2\/media\/5924"}],"wp:attachment":[{"href":"https:\/\/bozdagmobilya.com.tr\/ar\/wp-json\/wp\/v2\/media?parent=5922"}],"wp:term":[{"taxonomy":"product_cat","embeddable":true,"href":"https:\/\/bozdagmobilya.com.tr\/ar\/wp-json\/wp\/v2\/product_cat?post=5922"},{"taxonomy":"product_tag","embeddable":true,"href":"https:\/\/bozdagmobilya.com.tr\/ar\/wp-json\/wp\/v2\/product_tag?post=5922"}],"curies":[{"name":"wp","href":"https:\/\/api.w.org\/{rel}","templated":true}]}}