{"id":5803,"date":"2019-04-29T19:22:43","date_gmt":"2019-04-29T19:22:43","guid":{"rendered":"https:\/\/bozdagmobilya.com.tr\/product\/sigacik\/"},"modified":"2019-04-29T19:22:43","modified_gmt":"2019-04-29T19:22:43","slug":"sigacik","status":"publish","type":"product","link":"https:\/\/bozdagmobilya.com.tr\/ar\/product\/sigacik\/","title":{"rendered":"S\u0131\u011fac\u0131k"},"content":{"rendered":"","protected":false},"excerpt":{"rendered":"<p>\u0627\u0644\u0627\u0631\u062a\u0641\u0627\u0639: 75<\/p>\n<div id=\"gtx-trans\" style=\"position: absolute; left: 428px; top: -10px;\">\n<div class=\"gtx-trans-icon\"><\/div>\n<\/div>\n","protected":false},"featured_media":5804,"comment_status":"open","ping_status":"closed","template":"","meta":[],"product_cat":[156],"product_tag":[],"class_list":["post-5803","product","type-product","status-publish","has-post-thumbnail","hentry","product_cat-masalar-ar"],"_links":{"self":[{"href":"https:\/\/bozdagmobilya.com.tr\/ar\/wp-json\/wp\/v2\/product\/5803"}],"collection":[{"href":"https:\/\/bozdagmobilya.com.tr\/ar\/wp-json\/wp\/v2\/product"}],"about":[{"href":"https:\/\/bozdagmobilya.com.tr\/ar\/wp-json\/wp\/v2\/types\/product"}],"replies":[{"embeddable":true,"href":"https:\/\/bozdagmobilya.com.tr\/ar\/wp-json\/wp\/v2\/comments?post=5803"}],"wp:featuredmedia":[{"embeddable":true,"href":"https:\/\/bozdagmobilya.com.tr\/ar\/wp-json\/wp\/v2\/media\/5804"}],"wp:attachment":[{"href":"https:\/\/bozdagmobilya.com.tr\/ar\/wp-json\/wp\/v2\/media?parent=5803"}],"wp:term":[{"taxonomy":"product_cat","embeddable":true,"href":"https:\/\/bozdagmobilya.com.tr\/ar\/wp-json\/wp\/v2\/product_cat?post=5803"},{"taxonomy":"product_tag","embeddable":true,"href":"https:\/\/bozdagmobilya.com.tr\/ar\/wp-json\/wp\/v2\/product_tag?post=5803"}],"curies":[{"name":"wp","href":"https:\/\/api.w.org\/{rel}","templated":true}]}}