{"id":5606,"date":"2019-04-30T20:54:40","date_gmt":"2019-04-30T20:54:40","guid":{"rendered":"https:\/\/bozdagmobilya.com.tr\/product\/capraz-ciceklik\/"},"modified":"2019-04-30T20:54:40","modified_gmt":"2019-04-30T20:54:40","slug":"capraz-ciceklik","status":"publish","type":"product","link":"https:\/\/bozdagmobilya.com.tr\/ar\/product\/capraz-ciceklik\/","title":{"rendered":"\u00c7apraz \u00e7i\u00e7eklik"},"content":{"rendered":"","protected":false},"excerpt":{"rendered":"<p>\u0623\u0628\u0639\u0627\u062f \u0627\u0644\u0645\u0646\u062a\u062c: 45&#215;100<br \/>\n\u0627\u0644\u0627\u0631\u062a\u0641\u0627\u0639:\u00a0 55<\/p>\n<div id=\"gtx-trans\" style=\"position: absolute; left: 424px; top: 14px;\">\n<div class=\"gtx-trans-icon\"><\/div>\n<\/div>\n","protected":false},"featured_media":5609,"comment_status":"open","ping_status":"closed","template":"","meta":[],"product_cat":[142],"product_tag":[],"class_list":["post-5606","product","type-product","status-publish","has-post-thumbnail","hentry","product_cat-aksesuarlar-ar"],"_links":{"self":[{"href":"https:\/\/bozdagmobilya.com.tr\/ar\/wp-json\/wp\/v2\/product\/5606"}],"collection":[{"href":"https:\/\/bozdagmobilya.com.tr\/ar\/wp-json\/wp\/v2\/product"}],"about":[{"href":"https:\/\/bozdagmobilya.com.tr\/ar\/wp-json\/wp\/v2\/types\/product"}],"replies":[{"embeddable":true,"href":"https:\/\/bozdagmobilya.com.tr\/ar\/wp-json\/wp\/v2\/comments?post=5606"}],"wp:featuredmedia":[{"embeddable":true,"href":"https:\/\/bozdagmobilya.com.tr\/ar\/wp-json\/wp\/v2\/media\/5609"}],"wp:attachment":[{"href":"https:\/\/bozdagmobilya.com.tr\/ar\/wp-json\/wp\/v2\/media?parent=5606"}],"wp:term":[{"taxonomy":"product_cat","embeddable":true,"href":"https:\/\/bozdagmobilya.com.tr\/ar\/wp-json\/wp\/v2\/product_cat?post=5606"},{"taxonomy":"product_tag","embeddable":true,"href":"https:\/\/bozdagmobilya.com.tr\/ar\/wp-json\/wp\/v2\/product_tag?post=5606"}],"curies":[{"name":"wp","href":"https:\/\/api.w.org\/{rel}","templated":true}]}}